{"id":5390,"date":"2023-03-30T18:57:34","date_gmt":"2023-03-30T18:57:34","guid":{"rendered":"https:\/\/jcsosamultiservicios.com\/?page_id=5390"},"modified":"2023-09-12T19:46:29","modified_gmt":"2023-09-12T19:46:29","slug":"angel-de-la-guarda-mi-dulce-compania","status":"publish","type":"page","link":"https:\/\/jcsosamultiservicios.com\/?page_id=5390","title":{"rendered":"\u00c1ngel de la Guarda Mi Dulce Compa\u00f1\u00eda &#8211;"},"content":{"rendered":"","protected":false},"excerpt":{"rendered":"","protected":false},"author":2,"featured_media":0,"parent":0,"menu_order":0,"comment_status":"closed","ping_status":"closed","template":"page-iframe.php","meta":{"_acf_changed":false,"footnotes":""},"class_list":["post-5390","page","type-page","status-publish","hentry"],"acf":[],"_links":{"self":[{"href":"https:\/\/jcsosamultiservicios.com\/index.php?rest_route=\/wp\/v2\/pages\/5390","targetHints":{"allow":["GET"]}}],"collection":[{"href":"https:\/\/jcsosamultiservicios.com\/index.php?rest_route=\/wp\/v2\/pages"}],"about":[{"href":"https:\/\/jcsosamultiservicios.com\/index.php?rest_route=\/wp\/v2\/types\/page"}],"author":[{"embeddable":true,"href":"https:\/\/jcsosamultiservicios.com\/index.php?rest_route=\/wp\/v2\/users\/2"}],"replies":[{"embeddable":true,"href":"https:\/\/jcsosamultiservicios.com\/index.php?rest_route=%2Fwp%2Fv2%2Fcomments&post=5390"}],"version-history":[{"count":6,"href":"https:\/\/jcsosamultiservicios.com\/index.php?rest_route=\/wp\/v2\/pages\/5390\/revisions"}],"predecessor-version":[{"id":8064,"href":"https:\/\/jcsosamultiservicios.com\/index.php?rest_route=\/wp\/v2\/pages\/5390\/revisions\/8064"}],"wp:attachment":[{"href":"https:\/\/jcsosamultiservicios.com\/index.php?rest_route=%2Fwp%2Fv2%2Fmedia&parent=5390"}],"curies":[{"name":"wp","href":"https:\/\/api.w.org\/{rel}","templated":true}]}}