{"id":295,"date":"2021-09-10T13:56:00","date_gmt":"2021-09-10T13:56:00","guid":{"rendered":"https:\/\/jcsosamultiservicios.com\/?p=295"},"modified":"2024-09-18T21:06:44","modified_gmt":"2024-09-18T21:06:44","slug":"rebelde-t2","status":"publish","type":"page","link":"https:\/\/jcsosamultiservicios.com\/?page_id=295","title":{"rendered":"Rebelde T2 &#8211;"},"content":{"rendered":"<p>&lt;!doctype html&gt;<\/p>\n<figure><video autoplay=\"autoplay\" controls=\"controls\" width=\"300\" height=\"150\" data-poster=\"https:\/\/blogger.googleusercontent.com\/img\/b\/R29vZ2xl\/AVvXsEjk6YvYa3Sk_8MEQaOIRKE9N8Pp1SiIr6qNkmdAGWvtkGWwsz6wS_yANge_n5oqtf9H1vpaQ_zvadxvFDJGlG-eiifL5C72Bzme8qns2TR0Hdk5NJ-POADiTHnLmR_OdTK6RnjZPQkNHY0KmP1NPNUsrjWiZoQOYkaQ1lVpxRFyYk1xfbzCz0xa_bw6\/s1600\/rebelde-rbd-televisa-logo.jpg\"><source src=\"\" type=\"video\/mp4\" \/><\/video><\/p>\n<div>\n<h2>Rebelde T2 Cap\u00edtulo 1<\/h2>\n<\/div><figcaption>\n<div><a href=\"https:\/\/sv3.sosanovel.com\/novela\/rebeldeT2\/rebelde216.mp4\">Cap\u00edtulo 216<\/a><a href=\"https:\/\/sv3.sosanovel.com\/novela\/rebeldeT2\/rebelde217.mp4\">Cap\u00edtulo 217<\/a><a href=\"https:\/\/sv3.sosanovel.com\/novela\/rebeldeT2\/rebelde218.mp4\">Cap\u00edtulo 218<\/a><a href=\"https:\/\/sv3.sosanovel.com\/novela\/rebeldeT2\/rebelde219.mp4\">Cap\u00edtulo 219<\/a><a href=\"https:\/\/sv3.sosanovel.com\/novela\/rebeldeT2\/rebelde220.mp4\">Cap\u00edtulo 220<\/a><a href=\"https:\/\/sv3.sosanovel.com\/novela\/rebeldeT2\/rebelde221.mp4\">Cap\u00edtulo 221<\/a><a href=\"https:\/\/sv3.sosanovel.com\/novela\/rebeldeT2\/rebelde222.mp4\">Cap\u00edtulo 222<\/a><a href=\"https:\/\/sv3.sosanovel.com\/novela\/rebeldeT2\/rebelde223.mp4\">Cap\u00edtulo 223<\/a><a href=\"https:\/\/sv3.sosanovel.com\/novela\/rebeldeT2\/rebelde224.mp4\">Cap\u00edtulo 224<\/a><a href=\"https:\/\/sv3.sosanovel.com\/novela\/rebeldeT2\/rebelde225.mp4\">Cap\u00edtulo 225<\/a><a href=\"https:\/\/sv3.sosanovel.com\/novela\/rebeldeT2\/rebelde226.mp4\">Cap\u00edtulo 226<\/a><a href=\"https:\/\/sv3.sosanovel.com\/novela\/rebeldeT2\/rebelde227.mp4\">Cap\u00edtulo 227<\/a><a href=\"https:\/\/sv3.sosanovel.com\/novela\/rebeldeT2\/rebelde228.mp4\">Cap\u00edtulo 228<\/a><a href=\"https:\/\/sv3.sosanovel.com\/novela\/rebeldeT2\/rebelde229.mp4\">Cap\u00edtulo 229<\/a><a href=\"https:\/\/sv3.sosanovel.com\/novela\/rebeldeT2\/rebelde230.mp4\">Cap\u00edtulo 230<\/a><a href=\"https:\/\/sv3.sosanovel.com\/novela\/rebeldeT2\/rebelde231.mp4\">Cap\u00edtulo 231<\/a><a href=\"https:\/\/sv3.sosanovel.com\/novela\/rebeldeT2\/rebelde232.mp4\">Cap\u00edtulo 232<\/a><a href=\"https:\/\/sv3.sosanovel.com\/novela\/rebeldeT2\/rebelde233.mp4\">Cap\u00edtulo 233<\/a><a href=\"https:\/\/sv3.sosanovel.com\/novela\/rebeldeT2\/rebelde234.mp4\">Cap\u00edtulo 234<\/a><a href=\"https:\/\/sv3.sosanovel.com\/novela\/rebeldeT2\/rebelde235.mp4\">Cap\u00edtulo 235<\/a><a href=\"https:\/\/sv3.sosanovel.com\/novela\/rebeldeT2\/rebelde236.mp4\">Cap\u00edtulo 236<\/a><a href=\"https:\/\/sv3.sosanovel.com\/novela\/rebeldeT2\/rebelde237.mp4\">Cap\u00edtulo 237<\/a><a href=\"https:\/\/sv3.sosanovel.com\/novela\/rebeldeT2\/rebelde238.mp4\">Cap\u00edtulo 238<\/a><a href=\"https:\/\/sv3.sosanovel.com\/novela\/rebeldeT2\/rebelde239.mp4\">Cap\u00edtulo 239<\/a><a href=\"https:\/\/sv3.sosanovel.com\/novela\/rebeldeT2\/rebelde240.mp4\">Cap\u00edtulo 240<\/a><a href=\"https:\/\/sv3.sosanovel.com\/novela\/rebeldeT2\/rebelde241.mp4\">Cap\u00edtulo 241<\/a><a href=\"https:\/\/sv3.sosanovel.com\/novela\/rebeldeT2\/rebelde242.mp4\">Cap\u00edtulo 242<\/a><a href=\"https:\/\/sv3.sosanovel.com\/novela\/rebeldeT2\/rebelde243.mp4\">Cap\u00edtulo 243<\/a><a href=\"https:\/\/sv3.sosanovel.com\/novela\/rebeldeT2\/rebelde244.mp4\">Cap\u00edtulo 244<\/a><a href=\"https:\/\/sv3.sosanovel.com\/novela\/rebeldeT2\/rebelde245.mp4\">Cap\u00edtulo 245<\/a><a href=\"https:\/\/sv3.sosanovel.com\/novela\/rebeldeT2\/rebelde246.mp4\">Cap\u00edtulo 246<\/a><a href=\"https:\/\/sv3.sosanovel.com\/novela\/rebeldeT2\/rebelde247.mp4\">Cap\u00edtulo 247<\/a><a href=\"https:\/\/sv3.sosanovel.com\/novela\/rebeldeT2\/rebelde248.mp4\">Cap\u00edtulo 248<\/a><a href=\"https:\/\/sv3.sosanovel.com\/novela\/rebeldeT2\/rebelde249.mp4\">Cap\u00edtulo 249<\/a><a href=\"https:\/\/sv3.sosanovel.com\/novela\/rebeldeT2\/rebelde250.mp4\">Cap\u00edtulo 250<\/a><a href=\"https:\/\/sv3.sosanovel.com\/novela\/rebeldeT2\/rebelde251.mp4\">Cap\u00edtulo 251<\/a><a href=\"https:\/\/sv3.sosanovel.com\/novela\/rebeldeT2\/rebelde252.mp4\">Cap\u00edtulo 252<\/a><a href=\"https:\/\/sv3.sosanovel.com\/novela\/rebeldeT2\/rebelde253.mp4\">Cap\u00edtulo 253<\/a><a href=\"https:\/\/sv3.sosanovel.com\/novela\/rebeldeT2\/rebelde254.mp4\">Cap\u00edtulo 254<\/a><a href=\"https:\/\/sv3.sosanovel.com\/novela\/rebeldeT2\/rebelde255.mp4\">Cap\u00edtulo 255<\/a><a href=\"https:\/\/sv3.sosanovel.com\/novela\/rebeldeT2\/rebelde256.mp4\">Cap\u00edtulo 256<\/a><a href=\"https:\/\/sv3.sosanovel.com\/novela\/rebeldeT2\/rebelde257.mp4\">Cap\u00edtulo 257<\/a><a href=\"https:\/\/sv3.sosanovel.com\/novela\/rebeldeT2\/rebelde258.mp4\">Cap\u00edtulo 258<\/a><a href=\"https:\/\/sv3.sosanovel.com\/novela\/rebeldeT2\/rebelde259.mp4\">Cap\u00edtulo 259<\/a><a href=\"https:\/\/sv3.sosanovel.com\/novela\/rebeldeT2\/rebelde260.mp4\">Cap\u00edtulo 260<\/a><a href=\"https:\/\/sv3.sosanovel.com\/novela\/rebeldeT2\/rebelde261.mp4\">Cap\u00edtulo 261<\/a><a href=\"https:\/\/sv3.sosanovel.com\/novela\/rebeldeT2\/rebelde262.mp4\">Cap\u00edtulo 262<\/a><a href=\"https:\/\/sv3.sosanovel.com\/novela\/rebeldeT2\/rebelde263.mp4\">Cap\u00edtulo 263<\/a><a href=\"https:\/\/sv3.sosanovel.com\/novela\/rebeldeT2\/rebelde264.mp4\">Cap\u00edtulo 264<\/a><a href=\"https:\/\/sv3.sosanovel.com\/novela\/rebeldeT2\/rebelde265.mp4\">Cap\u00edtulo 265<\/a><a href=\"https:\/\/sv3.sosanovel.com\/novela\/rebeldeT2\/rebelde266.mp4\">Cap\u00edtulo 266<\/a><a href=\"https:\/\/sv3.sosanovel.com\/novela\/rebeldeT2\/rebelde267.mp4\">Cap\u00edtulo 267<\/a><a href=\"https:\/\/sv3.sosanovel.com\/novela\/rebeldeT2\/rebelde268.mp4\">Cap\u00edtulo 268<\/a><a href=\"https:\/\/sv3.sosanovel.com\/novela\/rebeldeT2\/rebelde269.mp4\">Cap\u00edtulo 269<\/a><a href=\"https:\/\/sv3.sosanovel.com\/novela\/rebeldeT2\/rebelde270.mp4\">Cap\u00edtulo 270<\/a><a href=\"https:\/\/sv3.sosanovel.com\/novela\/rebeldeT2\/rebelde271.mp4\">Cap\u00edtulo 271<\/a><a href=\"https:\/\/sv3.sosanovel.com\/novela\/rebeldeT2\/rebelde272.mp4\">Cap\u00edtulo 272<\/a><a href=\"https:\/\/sv3.sosanovel.com\/novela\/rebeldeT2\/rebelde273.mp4\">Cap\u00edtulo 273<\/a><a href=\"https:\/\/sv3.sosanovel.com\/novela\/rebeldeT2\/rebelde274.mp4\">Cap\u00edtulo 274<\/a><a href=\"https:\/\/sv3.sosanovel.com\/novela\/rebeldeT2\/rebelde275.mp4\">Cap\u00edtulo 275<\/a><a href=\"https:\/\/sv3.sosanovel.com\/novela\/rebeldeT2\/rebelde276.mp4\">Cap\u00edtulo 276<\/a><a href=\"https:\/\/sv3.sosanovel.com\/novela\/rebeldeT2\/rebelde277.mp4\">Cap\u00edtulo 277<\/a><a href=\"https:\/\/sv3.sosanovel.com\/novela\/rebeldeT2\/rebelde278.mp4\">Cap\u00edtulo 278<\/a><a href=\"https:\/\/sv3.sosanovel.com\/novela\/rebeldeT2\/rebelde279.mp4\">Cap\u00edtulo 279<\/a><a href=\"https:\/\/sv3.sosanovel.com\/novela\/rebeldeT2\/rebelde280.mp4\">Cap\u00edtulo 280<\/a><a href=\"https:\/\/sv3.sosanovel.com\/novela\/rebeldeT2\/rebelde281.mp4\">Cap\u00edtulo 281<\/a><a href=\"https:\/\/sv3.sosanovel.com\/novela\/rebeldeT2\/rebelde282.mp4\">Cap\u00edtulo 282<\/a><a href=\"https:\/\/sv3.sosanovel.com\/novela\/rebeldeT2\/rebelde283.mp4\">Cap\u00edtulo 283<\/a><a href=\"https:\/\/sv3.sosanovel.com\/novela\/rebeldeT2\/rebelde284.mp4\">Cap\u00edtulo 284<\/a><a href=\"https:\/\/sv3.sosanovel.com\/novela\/rebeldeT2\/rebelde285.mp4\">Cap\u00edtulo 285<\/a><a href=\"https:\/\/sv3.sosanovel.com\/novela\/rebeldeT2\/rebelde286.mp4\">Cap\u00edtulo 286<\/a><a href=\"https:\/\/sv3.sosanovel.com\/novela\/rebeldeT2\/rebelde287.mp4\">Cap\u00edtulo 287<\/a><a href=\"https:\/\/sv3.sosanovel.com\/novela\/rebeldeT2\/rebelde288.mp4\">Cap\u00edtulo 288<\/a><a href=\"https:\/\/sv3.sosanovel.com\/novela\/rebeldeT2\/rebelde289.mp4\">Cap\u00edtulo 289<\/a><a href=\"https:\/\/sv3.sosanovel.com\/novela\/rebeldeT2\/rebelde290.mp4\">Cap\u00edtulo 290<\/a><a href=\"https:\/\/sv3.sosanovel.com\/novela\/rebeldeT2\/rebelde291.mp4\">Cap\u00edtulo 291<\/a><a href=\"https:\/\/sv3.sosanovel.com\/novela\/rebeldeT2\/rebelde292.mp4\">Cap\u00edtulo 292<\/a><a href=\"https:\/\/sv3.sosanovel.com\/novela\/rebeldeT2\/rebelde293.mp4\">Cap\u00edtulo 293<\/a><a href=\"https:\/\/sv3.sosanovel.com\/novela\/rebeldeT2\/rebelde294.mp4\">Cap\u00edtulo 294<\/a><a href=\"https:\/\/sv3.sosanovel.com\/novela\/rebeldeT2\/rebelde295.mp4\">Cap\u00edtulo 295<\/a><a href=\"https:\/\/sv3.sosanovel.com\/novela\/rebeldeT2\/rebelde296.mp4\">Cap\u00edtulo 296<\/a><a href=\"https:\/\/sv3.sosanovel.com\/novela\/rebeldeT2\/rebelde297.mp4\">Cap\u00edtulo 297<\/a><a href=\"https:\/\/sv3.sosanovel.com\/novela\/rebeldeT2\/rebelde298.mp4\">Cap\u00edtulo 298<\/a><a href=\"https:\/\/sv3.sosanovel.com\/novela\/rebeldeT2\/rebelde299.mp4\">Cap\u00edtulo 299<\/a><a href=\"https:\/\/sv3.sosanovel.com\/novela\/rebeldeT2\/rebelde300.mp4\">Cap\u00edtulo 300<\/a><a href=\"https:\/\/sv3.sosanovel.com\/novela\/rebeldeT2\/rebelde301.mp4\">Cap\u00edtulo 301<\/a><a href=\"https:\/\/sv3.sosanovel.com\/novela\/rebeldeT2\/rebelde302.mp4\">Cap\u00edtulo 302<\/a><a href=\"https:\/\/sv3.sosanovel.com\/novela\/rebeldeT2\/rebelde303.mp4\">Cap\u00edtulo 303<\/a><a href=\"https:\/\/sv3.sosanovel.com\/novela\/rebeldeT2\/rebelde304.mp4\">Cap\u00edtulo 304<\/a><a href=\"https:\/\/sv3.sosanovel.com\/novela\/rebeldeT2\/rebelde305.mp4\">Cap\u00edtulo 305<\/a><a href=\"https:\/\/sv3.sosanovel.com\/novela\/rebeldeT2\/rebelde306.mp4\">Cap\u00edtulo 306<\/a><a href=\"https:\/\/sv3.sosanovel.com\/novela\/rebeldeT2\/rebelde307.mp4\">Cap\u00edtulo 307<\/a><a href=\"https:\/\/sv3.sosanovel.com\/novela\/rebeldeT2\/rebelde308.mp4\">Cap\u00edtulo 308<\/a><a href=\"https:\/\/sv3.sosanovel.com\/novela\/rebeldeT2\/rebelde309.mp4\">Cap\u00edtulo 309<\/a><a href=\"https:\/\/sv3.sosanovel.com\/novela\/rebeldeT2\/rebelde310.mp4\">Cap\u00edtulo 310<\/a><a href=\"https:\/\/sv3.sosanovel.com\/novela\/rebeldeT2\/rebelde311.mp4\">Cap\u00edtulo 311<\/a><a href=\"https:\/\/sv3.sosanovel.com\/novela\/rebeldeT2\/rebelde312.mp4\">Cap\u00edtulo 312<\/a><a href=\"https:\/\/sv3.sosanovel.com\/novela\/rebeldeT2\/rebelde313.mp4\">Cap\u00edtulo 313<\/a><a href=\"https:\/\/sv3.sosanovel.com\/novela\/rebeldeT2\/rebelde314.mp4\">Cap\u00edtulo 314<\/a><a href=\"https:\/\/sv3.sosanovel.com\/novela\/rebeldeT2\/rebelde315.mp4\">Cap\u00edtulo 315<\/a><a href=\"https:\/\/sv3.sosanovel.com\/novela\/rebeldeT2\/rebelde316.mp4\">Cap\u00edtulo 316<\/a><a href=\"https:\/\/sv3.sosanovel.com\/novela\/rebeldeT2\/rebelde317.mp4\">Cap\u00edtulo 317<\/a><a href=\"https:\/\/sv3.sosanovel.com\/novela\/rebeldeT2\/rebelde318.mp4\">Cap\u00edtulo 318<\/a><a href=\"https:\/\/sv3.sosanovel.com\/novela\/rebeldeT2\/rebelde319.mp4\">Cap\u00edtulo 319<\/a><a href=\"https:\/\/sv3.sosanovel.com\/novela\/rebeldeT2\/rebelde320.mp4\">Cap\u00edtulo 320<\/a><a href=\"https:\/\/sv3.sosanovel.com\/novela\/rebeldeT2\/rebelde321.mp4\">Cap\u00edtulo 321<\/a><a href=\"https:\/\/sv3.sosanovel.com\/novela\/rebeldeT2\/rebelde322.mp4\">Cap\u00edtulo 322<\/a><a href=\"https:\/\/sv3.sosanovel.com\/novela\/rebeldeT2\/rebelde323.mp4\">Cap\u00edtulo 323<\/a><a href=\"https:\/\/sv3.sosanovel.com\/novela\/rebeldeT2\/rebelde324.mp4\">Cap\u00edtulo 324<\/a><a href=\"https:\/\/sv3.sosanovel.com\/novela\/rebeldeT2\/rebelde325.mp4\">Cap\u00edtulo 325<\/a><a href=\"https:\/\/sv3.sosanovel.com\/novela\/rebeldeT2\/rebelde326.mp4\">Cap\u00edtulo 326<\/a><a href=\"https:\/\/sv3.sosanovel.com\/novela\/rebeldeT2\/rebelde327.mp4\">Cap\u00edtulo 327<\/a><a href=\"https:\/\/sv3.sosanovel.com\/novela\/rebeldeT2\/rebelde328.mp4\">Cap\u00edtulo 328<\/a><a href=\"https:\/\/sv3.sosanovel.com\/novela\/rebeldeT2\/rebelde329.mp4\">Cap\u00edtulo 329<\/a><a href=\"https:\/\/sv3.sosanovel.com\/novela\/rebeldeT2\/rebelde330.mp4\">Cap\u00edtulo 330<\/a><a href=\"https:\/\/sv3.sosanovel.com\/novela\/rebeldeT2\/rebelde331.mp4\">Cap\u00edtulo 331<\/a><a href=\"https:\/\/sv3.sosanovel.com\/novela\/rebeldeT2\/rebelde332.mp4\">Cap\u00edtulo 332<\/a><a href=\"https:\/\/sv3.sosanovel.com\/novela\/rebeldeT2\/rebelde333.mp4\">Cap\u00edtulo 333<\/a><a href=\"https:\/\/sv3.sosanovel.com\/novela\/rebeldeT2\/rebelde334.mp4\">Cap\u00edtulo 334<\/a><a href=\"https:\/\/sv3.sosanovel.com\/novela\/rebeldeT2\/rebelde335.mp4\">Cap\u00edtulo 335 FIN<\/a><\/div>\n<\/figcaption><\/figure>\n","protected":false},"excerpt":{"rendered":"<p>&lt;!doctype html&gt; Rebelde T2 Cap\u00edtulo 1 Cap\u00edtulo 216Cap\u00edtulo 217Cap\u00edtulo 218Cap\u00edtulo 219Cap\u00edtulo 220Cap\u00edtulo 221Cap\u00edtulo 222Cap\u00edtulo 223Cap\u00edtulo 224Cap\u00edtulo 225Cap\u00edtulo 226Cap\u00edtulo 227Cap\u00edtulo 228Cap\u00edtulo 229Cap\u00edtulo 230Cap\u00edtulo 231Cap\u00edtulo 232Cap\u00edtulo 233Cap\u00edtulo 234Cap\u00edtulo 235Cap\u00edtulo 236Cap\u00edtulo 237Cap\u00edtulo 238Cap\u00edtulo 239Cap\u00edtulo 240Cap\u00edtulo 241Cap\u00edtulo 242Cap\u00edtulo 243Cap\u00edtulo 244Cap\u00edtulo 245Cap\u00edtulo 246Cap\u00edtulo 247Cap\u00edtulo 248Cap\u00edtulo 249Cap\u00edtulo 250Cap\u00edtulo 251Cap\u00edtulo 252Cap\u00edtulo 253Cap\u00edtulo 254Cap\u00edtulo 255Cap\u00edtulo 256Cap\u00edtulo 257Cap\u00edtulo 258Cap\u00edtulo 259Cap\u00edtulo 260Cap\u00edtulo 261Cap\u00edtulo 262Cap\u00edtulo 263Cap\u00edtulo [&hellip;]<\/p>\n","protected":false},"author":1,"featured_media":0,"parent":0,"menu_order":0,"comment_status":"open","ping_status":"open","template":"page-iframe.php","meta":{"_acf_changed":false,"footnotes":""},"class_list":["post-295","page","type-page","status-publish","hentry"],"acf":[],"_links":{"self":[{"href":"https:\/\/jcsosamultiservicios.com\/index.php?rest_route=\/wp\/v2\/pages\/295","targetHints":{"allow":["GET"]}}],"collection":[{"href":"https:\/\/jcsosamultiservicios.com\/index.php?rest_route=\/wp\/v2\/pages"}],"about":[{"href":"https:\/\/jcsosamultiservicios.com\/index.php?rest_route=\/wp\/v2\/types\/page"}],"author":[{"embeddable":true,"href":"https:\/\/jcsosamultiservicios.com\/index.php?rest_route=\/wp\/v2\/users\/1"}],"replies":[{"embeddable":true,"href":"https:\/\/jcsosamultiservicios.com\/index.php?rest_route=%2Fwp%2Fv2%2Fcomments&post=295"}],"version-history":[{"count":8,"href":"https:\/\/jcsosamultiservicios.com\/index.php?rest_route=\/wp\/v2\/pages\/295\/revisions"}],"predecessor-version":[{"id":10725,"href":"https:\/\/jcsosamultiservicios.com\/index.php?rest_route=\/wp\/v2\/pages\/295\/revisions\/10725"}],"wp:attachment":[{"href":"https:\/\/jcsosamultiservicios.com\/index.php?rest_route=%2Fwp%2Fv2%2Fmedia&parent=295"}],"curies":[{"name":"wp","href":"https:\/\/api.w.org\/{rel}","templated":true}]}}