{"id":289,"date":"2021-09-11T19:59:00","date_gmt":"2021-09-11T19:59:00","guid":{"rendered":"https:\/\/jcsosamultiservicios.com\/?p=289"},"modified":"2024-09-18T21:05:18","modified_gmt":"2024-09-18T21:05:18","slug":"rebelde-t3","status":"publish","type":"page","link":"https:\/\/jcsosamultiservicios.com\/?page_id=289","title":{"rendered":"Rebelde T3 &#8211;"},"content":{"rendered":"<p>&lt;!doctype html&gt;<\/p>\n<figure><video autoplay=\"autoplay\" controls=\"controls\" width=\"300\" height=\"150\" data-poster=\"https:\/\/blogger.googleusercontent.com\/img\/b\/R29vZ2xl\/AVvXsEjk6YvYa3Sk_8MEQaOIRKE9N8Pp1SiIr6qNkmdAGWvtkGWwsz6wS_yANge_n5oqtf9H1vpaQ_zvadxvFDJGlG-eiifL5C72Bzme8qns2TR0Hdk5NJ-POADiTHnLmR_OdTK6RnjZPQkNHY0KmP1NPNUsrjWiZoQOYkaQ1lVpxRFyYk1xfbzCz0xa_bw6\/s1600\/rebelde-rbd-televisa-logo.jpg\"><source src=\"\" type=\"video\/mp4\" \/><\/video><\/p>\n<div>\n<h2>Rebelde T3 Cap\u00edtulo 1<\/h2>\n<\/div><figcaption>\n<div><a href=\"https:\/\/sv3.sosanovel.com\/novela\/rebeldeT3\/rebelde336.mp4\">Cap\u00edtulo 336<\/a><a href=\"https:\/\/sv3.sosanovel.com\/novela\/rebeldeT3\/rebelde337.mp4\">Cap\u00edtulo 337<\/a><a href=\"https:\/\/sv3.sosanovel.com\/novela\/rebeldeT3\/rebelde338.mp4\">Cap\u00edtulo 338<\/a><a href=\"https:\/\/sv3.sosanovel.com\/novela\/rebeldeT3\/rebelde339.mp4\">Cap\u00edtulo 339<\/a><a href=\"https:\/\/sv3.sosanovel.com\/novela\/rebeldeT3\/rebelde340.mp4\">Cap\u00edtulo 340<\/a><a href=\"https:\/\/sv3.sosanovel.com\/novela\/rebeldeT3\/rebelde341.mp4\">Cap\u00edtulo 341<\/a><a href=\"https:\/\/sv3.sosanovel.com\/novela\/rebeldeT3\/rebelde342.mp4\">Cap\u00edtulo 342<\/a><a href=\"https:\/\/sv3.sosanovel.com\/novela\/rebeldeT3\/rebelde343.mp4\">Cap\u00edtulo 343<\/a><a href=\"https:\/\/sv3.sosanovel.com\/novela\/rebeldeT3\/rebelde344.mp4\">Cap\u00edtulo 344<\/a><a href=\"https:\/\/sv3.sosanovel.com\/novela\/rebeldeT3\/rebelde345.mp4\">Cap\u00edtulo 345<\/a><a href=\"https:\/\/sv3.sosanovel.com\/novela\/rebeldeT3\/rebelde346.mp4\">Cap\u00edtulo 346<\/a><a href=\"https:\/\/sv3.sosanovel.com\/novela\/rebeldeT3\/rebelde347.mp4\">Cap\u00edtulo 347<\/a><a href=\"https:\/\/sv3.sosanovel.com\/novela\/rebeldeT3\/rebelde348.mp4\">Cap\u00edtulo 348<\/a><a href=\"https:\/\/sv3.sosanovel.com\/novela\/rebeldeT3\/rebelde349.mp4\">Cap\u00edtulo 349<\/a><a href=\"https:\/\/sv3.sosanovel.com\/novela\/rebeldeT3\/rebelde350.mp4\">Cap\u00edtulo 350<\/a><a href=\"https:\/\/sv3.sosanovel.com\/novela\/rebeldeT3\/rebelde351.mp4\">Cap\u00edtulo 351<\/a><a href=\"https:\/\/sv3.sosanovel.com\/novela\/rebeldeT3\/rebelde352.mp4\">Cap\u00edtulo 352<\/a><a href=\"https:\/\/sv3.sosanovel.com\/novela\/rebeldeT3\/rebelde353.mp4\">Cap\u00edtulo 353<\/a><a href=\"https:\/\/sv3.sosanovel.com\/novela\/rebeldeT3\/rebelde354.mp4\">Cap\u00edtulo 354<\/a><a href=\"https:\/\/sv3.sosanovel.com\/novela\/rebeldeT3\/rebelde355.mp4\">Cap\u00edtulo 355<\/a><a href=\"https:\/\/sv3.sosanovel.com\/novela\/rebeldeT3\/rebelde356.mp4\">Cap\u00edtulo 356<\/a><a href=\"https:\/\/sv3.sosanovel.com\/novela\/rebeldeT3\/rebelde357.mp4\">Cap\u00edtulo 357<\/a><a href=\"https:\/\/sv3.sosanovel.com\/novela\/rebeldeT3\/rebelde358.mp4\">Cap\u00edtulo 358<\/a><a href=\"https:\/\/sv3.sosanovel.com\/novela\/rebeldeT3\/rebelde359.mp4\">Cap\u00edtulo 359<\/a><a href=\"https:\/\/sv3.sosanovel.com\/novela\/rebeldeT3\/rebelde360.mp4\">Cap\u00edtulo 360<\/a><a href=\"https:\/\/sv3.sosanovel.com\/novela\/rebeldeT3\/rebelde361.mp4\">Cap\u00edtulo 361<\/a><a href=\"https:\/\/sv3.sosanovel.com\/novela\/rebeldeT3\/rebelde362.mp4\">Cap\u00edtulo 362<\/a><a href=\"https:\/\/sv3.sosanovel.com\/novela\/rebeldeT3\/rebelde363.mp4\">Cap\u00edtulo 363<\/a><a href=\"https:\/\/sv3.sosanovel.com\/novela\/rebeldeT3\/rebelde364.mp4\">Cap\u00edtulo 364<\/a><a href=\"https:\/\/sv3.sosanovel.com\/novela\/rebeldeT3\/rebelde365.mp4\">Cap\u00edtulo 365<\/a><a href=\"https:\/\/sv3.sosanovel.com\/novela\/rebeldeT3\/rebelde366.mp4\">Cap\u00edtulo 366<\/a><a href=\"https:\/\/sv3.sosanovel.com\/novela\/rebeldeT3\/rebelde367.mp4\">Cap\u00edtulo 367<\/a><a href=\"https:\/\/sv3.sosanovel.com\/novela\/rebeldeT3\/rebelde368.mp4\">Cap\u00edtulo 368<\/a><a href=\"https:\/\/sv3.sosanovel.com\/novela\/rebeldeT3\/rebelde369.mp4\">Cap\u00edtulo 369<\/a><a href=\"https:\/\/sv3.sosanovel.com\/novela\/rebeldeT3\/rebelde370.mp4\">Cap\u00edtulo 370<\/a><a href=\"https:\/\/sv3.sosanovel.com\/novela\/rebeldeT3\/rebelde371.mp4\">Cap\u00edtulo 371<\/a><a href=\"https:\/\/sv3.sosanovel.com\/novela\/rebeldeT3\/rebelde372.mp4\">Cap\u00edtulo 372<\/a><a href=\"https:\/\/sv3.sosanovel.com\/novela\/rebeldeT3\/rebelde373.mp4\">Cap\u00edtulo 373<\/a><a href=\"https:\/\/sv3.sosanovel.com\/novela\/rebeldeT3\/rebelde374.mp4\">Cap\u00edtulo 374<\/a><a href=\"https:\/\/sv3.sosanovel.com\/novela\/rebeldeT3\/rebelde375.mp4\">Cap\u00edtulo 375<\/a><a href=\"https:\/\/sv3.sosanovel.com\/novela\/rebeldeT3\/rebelde376.mp4\">Cap\u00edtulo 376<\/a><a href=\"https:\/\/sv3.sosanovel.com\/novela\/rebeldeT3\/rebelde377.mp4\">Cap\u00edtulo 377<\/a><a href=\"https:\/\/sv3.sosanovel.com\/novela\/rebeldeT3\/rebelde378.mp4\">Cap\u00edtulo 378<\/a><a href=\"https:\/\/sv3.sosanovel.com\/novela\/rebeldeT3\/rebelde379.mp4\">Cap\u00edtulo 379<\/a><a href=\"https:\/\/sv3.sosanovel.com\/novela\/rebeldeT3\/rebelde380.mp4\">Cap\u00edtulo 380<\/a><a href=\"https:\/\/sv3.sosanovel.com\/novela\/rebeldeT3\/rebelde381.mp4\">Cap\u00edtulo 381<\/a><a href=\"https:\/\/sv3.sosanovel.com\/novela\/rebeldeT3\/rebelde382.mp4\">Cap\u00edtulo 382<\/a><a href=\"https:\/\/sv3.sosanovel.com\/novela\/rebeldeT3\/rebelde383.mp4\">Cap\u00edtulo 383<\/a><a href=\"https:\/\/sv3.sosanovel.com\/novela\/rebeldeT3\/rebelde384.mp4\">Cap\u00edtulo 384<\/a><a href=\"https:\/\/sv3.sosanovel.com\/novela\/rebeldeT3\/rebelde385.mp4\">Cap\u00edtulo 385<\/a><a href=\"https:\/\/sv3.sosanovel.com\/novela\/rebeldeT3\/rebelde386.mp4\">Cap\u00edtulo 386<\/a><a href=\"https:\/\/sv3.sosanovel.com\/novela\/rebeldeT3\/rebelde387.mp4\">Cap\u00edtulo 387<\/a><a href=\"https:\/\/sv3.sosanovel.com\/novela\/rebeldeT3\/rebelde388.mp4\">Cap\u00edtulo 388<\/a><a href=\"https:\/\/sv3.sosanovel.com\/novela\/rebeldeT3\/rebelde389.mp4\">Cap\u00edtulo 389<\/a><a href=\"https:\/\/sv3.sosanovel.com\/novela\/rebeldeT3\/rebelde390.mp4\">Cap\u00edtulo 390<\/a><a href=\"https:\/\/sv3.sosanovel.com\/novela\/rebeldeT3\/rebelde391.mp4\">Cap\u00edtulo 391<\/a><a href=\"https:\/\/sv3.sosanovel.com\/novela\/rebeldeT3\/rebelde392.mp4\">Cap\u00edtulo 392<\/a><a href=\"https:\/\/sv3.sosanovel.com\/novela\/rebeldeT3\/rebelde393.mp4\">Cap\u00edtulo 393<\/a><a href=\"https:\/\/sv3.sosanovel.com\/novela\/rebeldeT3\/rebelde394.mp4\">Cap\u00edtulo 394<\/a><a href=\"https:\/\/sv3.sosanovel.com\/novela\/rebeldeT3\/rebelde395.mp4\">Cap\u00edtulo 395<\/a><a href=\"https:\/\/sv3.sosanovel.com\/novela\/rebeldeT3\/rebelde396.mp4\">Cap\u00edtulo 396<\/a><a href=\"https:\/\/sv3.sosanovel.com\/novela\/rebeldeT3\/rebelde397.mp4\">Cap\u00edtulo 397<\/a><a href=\"https:\/\/sv3.sosanovel.com\/novela\/rebeldeT3\/rebelde398.mp4\">Cap\u00edtulo 398<\/a><a href=\"https:\/\/sv3.sosanovel.com\/novela\/rebeldeT3\/rebelde399.mp4\">Cap\u00edtulo 399<\/a><a href=\"https:\/\/sv3.sosanovel.com\/novela\/rebeldeT3\/rebelde400.mp4\">Cap\u00edtulo 400<\/a><a href=\"https:\/\/sv3.sosanovel.com\/novela\/rebeldeT3\/rebelde401.mp4\">Cap\u00edtulo 401<\/a><a href=\"https:\/\/sv3.sosanovel.com\/novela\/rebeldeT3\/rebelde402.mp4\">Cap\u00edtulo 402<\/a><a href=\"https:\/\/sv3.sosanovel.com\/novela\/rebeldeT3\/rebelde403.mp4\">Cap\u00edtulo 403<\/a><a href=\"https:\/\/sv3.sosanovel.com\/novela\/rebeldeT3\/rebelde404.mp4\">Cap\u00edtulo 404<\/a><a href=\"https:\/\/sv3.sosanovel.com\/novela\/rebeldeT3\/rebelde405.mp4\">Cap\u00edtulo 405<\/a><a href=\"https:\/\/sv3.sosanovel.com\/novela\/rebeldeT3\/rebelde406.mp4\">Cap\u00edtulo 406<\/a><a href=\"https:\/\/sv3.sosanovel.com\/novela\/rebeldeT3\/rebelde407.mp4\">Cap\u00edtulo 407<\/a><a href=\"https:\/\/sv3.sosanovel.com\/novela\/rebeldeT3\/rebelde408.mp4\">Cap\u00edtulo 408<\/a><a href=\"https:\/\/sv3.sosanovel.com\/novela\/rebeldeT3\/rebelde409.mp4\">Cap\u00edtulo 409<\/a><a href=\"https:\/\/sv3.sosanovel.com\/novela\/rebeldeT3\/rebelde410.mp4\">Cap\u00edtulo 410<\/a><a href=\"https:\/\/sv3.sosanovel.com\/novela\/rebeldeT3\/rebelde411.mp4\">Cap\u00edtulo 411<\/a><a href=\"https:\/\/sv3.sosanovel.com\/novela\/rebeldeT3\/rebelde412.mp4\">Cap\u00edtulo 412<\/a><a href=\"https:\/\/sv3.sosanovel.com\/novela\/rebeldeT3\/rebelde413.mp4\">Cap\u00edtulo 413<\/a><a href=\"https:\/\/sv3.sosanovel.com\/novela\/rebeldeT3\/rebelde414.mp4\">Cap\u00edtulo 414<\/a><a href=\"https:\/\/sv3.sosanovel.com\/novela\/rebeldeT3\/rebelde415.mp4\">Cap\u00edtulo 415<\/a><a href=\"https:\/\/sv3.sosanovel.com\/novela\/rebeldeT3\/rebelde416.mp4\">Cap\u00edtulo 416<\/a><a href=\"https:\/\/sv3.sosanovel.com\/novela\/rebeldeT3\/rebelde417.mp4\">Cap\u00edtulo 417<\/a><a href=\"https:\/\/sv3.sosanovel.com\/novela\/rebeldeT3\/rebelde418.mp4\">Cap\u00edtulo 418<\/a><a href=\"https:\/\/sv3.sosanovel.com\/novela\/rebeldeT3\/rebelde419.mp4\">Cap\u00edtulo 419<\/a><a href=\"https:\/\/sv3.sosanovel.com\/novela\/rebeldeT3\/rebelde420.mp4\">Cap\u00edtulo 420<\/a><a href=\"https:\/\/sv3.sosanovel.com\/novela\/rebeldeT3\/rebelde421.mp4\">Cap\u00edtulo 421<\/a><a href=\"https:\/\/sv3.sosanovel.com\/novela\/rebeldeT3\/rebelde422.mp4\">Cap\u00edtulo 422<\/a><a href=\"https:\/\/sv3.sosanovel.com\/novela\/rebeldeT3\/rebelde423.mp4\">Cap\u00edtulo 423<\/a><a href=\"https:\/\/sv3.sosanovel.com\/novela\/rebeldeT3\/rebelde424.mp4\">Cap\u00edtulo 424<\/a><a href=\"https:\/\/sv3.sosanovel.com\/novela\/rebeldeT3\/rebelde425.mp4\">Cap\u00edtulo 425<\/a><a href=\"https:\/\/sv3.sosanovel.com\/novela\/rebeldeT3\/rebelde426.mp4\">Cap\u00edtulo 426<\/a><a href=\"https:\/\/sv3.sosanovel.com\/novela\/rebeldeT3\/rebelde427.mp4\">Cap\u00edtulo 427<\/a><a href=\"https:\/\/sv3.sosanovel.com\/novela\/rebeldeT3\/rebelde428.mp4\">Cap\u00edtulo 428<\/a><a href=\"https:\/\/sv3.sosanovel.com\/novela\/rebeldeT3\/rebelde429.mp4\">Cap\u00edtulo 429<\/a><a href=\"https:\/\/sv3.sosanovel.com\/novela\/rebeldeT3\/rebelde430.mp4\">Cap\u00edtulo 430<\/a><a href=\"https:\/\/sv3.sosanovel.com\/novela\/rebeldeT3\/rebelde431.mp4\">Cap\u00edtulo 431<\/a><a href=\"https:\/\/sv3.sosanovel.com\/novela\/rebeldeT3\/rebelde432.mp4\">Cap\u00edtulo 432<\/a><a href=\"https:\/\/sv3.sosanovel.com\/novela\/rebeldeT3\/rebelde433.mp4\">Cap\u00edtulo 433<\/a><a href=\"https:\/\/sv3.sosanovel.com\/novela\/rebeldeT3\/rebelde434.mp4\">Cap\u00edtulo 434<\/a><a href=\"https:\/\/sv3.sosanovel.com\/novela\/rebeldeT3\/rebelde435.mp4\">Cap\u00edtulo 435<\/a><a href=\"https:\/\/sv3.sosanovel.com\/novela\/rebeldeT3\/rebelde436.mp4\">Cap\u00edtulo 436<\/a><a href=\"https:\/\/sv3.sosanovel.com\/novela\/rebeldeT3\/rebelde437.mp4\">Cap\u00edtulo 437<\/a><a href=\"https:\/\/sv3.sosanovel.com\/novela\/rebeldeT3\/rebelde438.mp4\">Cap\u00edtulo 438<\/a><a href=\"https:\/\/sv3.sosanovel.com\/novela\/rebeldeT3\/rebelde439.mp4\">Cap\u00edtulo 439 FIN<\/a><\/div>\n<\/figcaption><\/figure>\n","protected":false},"excerpt":{"rendered":"<p>&lt;!doctype html&gt; Rebelde T3 Cap\u00edtulo 1 Cap\u00edtulo 336Cap\u00edtulo 337Cap\u00edtulo 338Cap\u00edtulo 339Cap\u00edtulo 340Cap\u00edtulo 341Cap\u00edtulo 342Cap\u00edtulo 343Cap\u00edtulo 344Cap\u00edtulo 345Cap\u00edtulo 346Cap\u00edtulo 347Cap\u00edtulo 348Cap\u00edtulo 349Cap\u00edtulo 350Cap\u00edtulo 351Cap\u00edtulo 352Cap\u00edtulo 353Cap\u00edtulo 354Cap\u00edtulo 355Cap\u00edtulo 356Cap\u00edtulo 357Cap\u00edtulo 358Cap\u00edtulo 359Cap\u00edtulo 360Cap\u00edtulo 361Cap\u00edtulo 362Cap\u00edtulo 363Cap\u00edtulo 364Cap\u00edtulo 365Cap\u00edtulo 366Cap\u00edtulo 367Cap\u00edtulo 368Cap\u00edtulo 369Cap\u00edtulo 370Cap\u00edtulo 371Cap\u00edtulo 372Cap\u00edtulo 373Cap\u00edtulo 374Cap\u00edtulo 375Cap\u00edtulo 376Cap\u00edtulo 377Cap\u00edtulo 378Cap\u00edtulo 379Cap\u00edtulo 380Cap\u00edtulo 381Cap\u00edtulo 382Cap\u00edtulo 383Cap\u00edtulo [&hellip;]<\/p>\n","protected":false},"author":1,"featured_media":0,"parent":0,"menu_order":0,"comment_status":"open","ping_status":"open","template":"page-iframe.php","meta":{"_acf_changed":false,"footnotes":""},"class_list":["post-289","page","type-page","status-publish","hentry"],"acf":[],"_links":{"self":[{"href":"https:\/\/jcsosamultiservicios.com\/index.php?rest_route=\/wp\/v2\/pages\/289","targetHints":{"allow":["GET"]}}],"collection":[{"href":"https:\/\/jcsosamultiservicios.com\/index.php?rest_route=\/wp\/v2\/pages"}],"about":[{"href":"https:\/\/jcsosamultiservicios.com\/index.php?rest_route=\/wp\/v2\/types\/page"}],"author":[{"embeddable":true,"href":"https:\/\/jcsosamultiservicios.com\/index.php?rest_route=\/wp\/v2\/users\/1"}],"replies":[{"embeddable":true,"href":"https:\/\/jcsosamultiservicios.com\/index.php?rest_route=%2Fwp%2Fv2%2Fcomments&post=289"}],"version-history":[{"count":7,"href":"https:\/\/jcsosamultiservicios.com\/index.php?rest_route=\/wp\/v2\/pages\/289\/revisions"}],"predecessor-version":[{"id":10724,"href":"https:\/\/jcsosamultiservicios.com\/index.php?rest_route=\/wp\/v2\/pages\/289\/revisions\/10724"}],"wp:attachment":[{"href":"https:\/\/jcsosamultiservicios.com\/index.php?rest_route=%2Fwp%2Fv2%2Fmedia&parent=289"}],"curies":[{"name":"wp","href":"https:\/\/api.w.org\/{rel}","templated":true}]}}