{"id":178,"date":"2022-03-29T20:17:00","date_gmt":"2022-03-29T20:17:00","guid":{"rendered":"https:\/\/jcsosamultiservicios.com\/?p=178"},"modified":"2023-07-19T20:39:58","modified_gmt":"2023-07-19T20:39:58","slug":"clase-406-temporada-2","status":"publish","type":"page","link":"https:\/\/jcsosamultiservicios.com\/?page_id=178","title":{"rendered":"Clase 406 Temporada 2 &#8211;"},"content":{"rendered":"<p>&lt;!doctype html&gt;<\/p>\n<figure><video autoplay=\"autoplay\" controls=\"controls\" width=\"300\" height=\"150\" data-poster=\"https:\/\/blogger.googleusercontent.com\/img\/b\/R29vZ2xl\/AVvXsEgddcUWkykkREI3llLwlVG-2IKX_kDi0_W3c1HyDNOfvpkkwqw34W_rIf1r5QQHC5ifyXncy7C0I5h5w9Jndg9pw8MierJfaxYnBZEe0o_YOUzCJ_X1Nzjxi8roHMwa5MGk6CkHIt3AJWM9KffA2J5AHElQCk46Ksvgrl5nsFlFqbn3M0Ptv8cCW4nE\/s1600\/Clase406_1.jpg\"><source src=\"\" type=\"video\/mp4\" \/><\/video><\/p>\n<div>\n<h2>Clase 406 Temporada 2 &#8211; Cap\u00edtulo 35<\/h2>\n<\/div><figcaption>\n<div><a href=\"https:\/\/sv3.sosanovel.com\/nuevodisco\/clase406T2\/clase406T2_35-gwtnvb69l3ak.mp4\">Cap\u00edtulo 35<\/a><a href=\"https:\/\/sv3.sosanovel.com\/nuevodisco\/clase406T2\/clase406T2_36-13rjd4rugss2.mp4\">Cap\u00edtulo 36<\/a><a href=\"https:\/\/sv3.sosanovel.com\/nuevodisco\/clase406T2\/clase406T2_37-kru4lopt94ks.mp4\">Cap\u00edtulo 37<\/a><a href=\"https:\/\/sv3.sosanovel.com\/nuevodisco\/clase406T2\/clase406T2_38-fwhqhnoe76ed.mp4\">Cap\u00edtulo 38<\/a><a href=\"https:\/\/sv3.sosanovel.com\/nuevodisco\/clase406T2\/clase406T2_39-63xw3jcl535b.mp4\">Cap\u00edtulo 39<\/a><a href=\"https:\/\/sv3.sosanovel.com\/nuevodisco\/clase406T2\/clase406T2_40-4rswjyr740af.mp4\">Cap\u00edtulo 40<\/a><a href=\"https:\/\/sv3.sosanovel.com\/nuevodisco\/clase406T2\/clase406T2_41-1nm2vlpg6xmf.mp4\">Cap\u00edtulo 41<\/a><a href=\"https:\/\/sv3.sosanovel.com\/nuevodisco\/clase406T2\/clase406T2_42-fogpak6y0p6y.mp4\">Cap\u00edtulo 42<\/a><a href=\"https:\/\/sv3.sosanovel.com\/nuevodisco\/clase406T2\/clase406T2_43-eqntp0d69mz3.mp4\">Cap\u00edtulo 43<\/a><a href=\"https:\/\/sv3.sosanovel.com\/nuevodisco\/clase406T2\/clase406T2_44-miuuarfemaoz.mp4\">Cap\u00edtulo 44<\/a><a href=\"https:\/\/sv3.sosanovel.com\/nuevodisco\/clase406T2\/clase406T2_45-3gs76ir5kybt.mp4\">Cap\u00edtulo 45<\/a><a href=\"https:\/\/sv3.sosanovel.com\/nuevodisco\/clase406T2\/clase406T2_46-pxdfe5tn57px.mp4\">Cap\u00edtulo 46<\/a><a href=\"https:\/\/sv3.sosanovel.com\/nuevodisco\/clase406T2\/clase406T2_47-g9u5vffmcua3.mp4\">Cap\u00edtulo 47<\/a><a href=\"https:\/\/sv3.sosanovel.com\/nuevodisco\/clase406T2\/clase406T2_48-4ck40ocm3sm3.mp4\">Cap\u00edtulo 48<\/a><a href=\"https:\/\/sv3.sosanovel.com\/nuevodisco\/clase406T2\/clase406T2_49-67pyjlrb5r5e.mp4\">Cap\u00edtulo 49<\/a><a href=\"https:\/\/sv3.sosanovel.com\/nuevodisco\/clase406T2\/clase406T2_50-lm4fzbo3we4u.mp4\">Cap\u00edtulo 50<\/a><a href=\"https:\/\/sv3.sosanovel.com\/nuevodisco\/clase406T2\/clase406T2_51-92pilga1f5gy.mp4\">Cap\u00edtulo 51<\/a><a href=\"https:\/\/sv3.sosanovel.com\/nuevodisco\/clase406T2\/clase406T2_52-hqdb8v1tlwh8.mp4\">Cap\u00edtulo 52<\/a><a href=\"https:\/\/sv3.sosanovel.com\/nuevodisco\/clase406T2\/clase406T2_53-b9iwm84o9kaj.mp4\">Cap\u00edtulo 53<\/a><a href=\"https:\/\/sv3.sosanovel.com\/nuevodisco\/clase406T2\/clase406T2_54-gsuitg3c1qvq.mp4\">Cap\u00edtulo 54<\/a><a href=\"https:\/\/sv3.sosanovel.com\/nuevodisco\/clase406T2\/clase406T2_55-69jc4nqle0qc.mp4\">Cap\u00edtulo 55<\/a><a href=\"https:\/\/sv3.sosanovel.com\/nuevodisco\/clase406T2\/clase406T2_56-i96t2c97gl1p.mp4\">Cap\u00edtulo 56<\/a><a href=\"https:\/\/sv3.sosanovel.com\/nuevodisco\/clase406T2\/clase406T2_57-9vbe41yi4r50.mp4\">Cap\u00edtulo 57<\/a><a href=\"https:\/\/sv3.sosanovel.com\/nuevodisco\/clase406T2\/clase406T2_58-6ocjaeblzog1.mp4\">Cap\u00edtulo 58<\/a><a href=\"https:\/\/sv3.sosanovel.com\/nuevodisco\/clase406T2\/clase406T2_59-gi2u8wgfqycf.mp4\">Cap\u00edtulo 59<\/a><a href=\"https:\/\/sv3.sosanovel.com\/nuevodisco\/clase406T2\/clase406T2_60-35htk1gyktx7.mp4\">Cap\u00edtulo 60<\/a><a href=\"https:\/\/sv3.sosanovel.com\/nuevodisco\/clase406T2\/clase406T2_61-5y5s9w2rcjpo.mp4\">Cap\u00edtulo 61<\/a><a href=\"https:\/\/sv3.sosanovel.com\/nuevodisco\/clase406T2\/clase406T2_62-arufjub3t5fn.mp4\">Cap\u00edtulo 62<\/a><a href=\"https:\/\/sv3.sosanovel.com\/nuevodisco\/clase406T2\/clase406T2_63-5knll9wa84w1.mp4\">Cap\u00edtulo 63<\/a><a href=\"https:\/\/sv3.sosanovel.com\/nuevodisco\/clase406T2\/clase406T2_64-zhfkfowiyly2.mp4\">Cap\u00edtulo 64<\/a><a href=\"https:\/\/sv3.sosanovel.com\/nuevodisco\/clase406T2\/clase406T2_65-ddp4lgrjucdm.mp4\">Cap\u00edtulo 65<\/a><a href=\"https:\/\/sv3.sosanovel.com\/nuevodisco\/clase406T2\/clase406T2_66-zs4vc3p0mp8x.mp4\">Cap\u00edtulo 66<\/a><a href=\"https:\/\/sv3.sosanovel.com\/nuevodisco\/clase406T2\/clase406T2_67-ujes4aa756uk.mp4\">Cap\u00edtulo 67<\/a><a href=\"https:\/\/sv3.sosanovel.com\/nuevodisco\/clase406T2\/clase406T2_68-h847ri8b3vp8.mp4\">Cap\u00edtulo 68<\/a><a href=\"https:\/\/sv3.sosanovel.com\/nuevodisco\/clase406T2\/clase406T2_69-wn3nmlgw3c11.mp4\">Cap\u00edtulo 69<\/a><a href=\"https:\/\/sv3.sosanovel.com\/nuevodisco\/clase406T2\/clase406T2_70-tzmzb50d5huc.mp4\">Cap\u00edtulo 70<\/a><a href=\"https:\/\/sv3.sosanovel.com\/nuevodisco\/clase406T2\/clase406T2_71-k4c1qefpbfmb.mp4\">Cap\u00edtulo 71<\/a><a href=\"https:\/\/sv3.sosanovel.com\/nuevodisco\/clase406T2\/clase406T2_72-ovbv3nfc669e.mp4\">Cap\u00edtulo 72<\/a><a href=\"https:\/\/sv3.sosanovel.com\/nuevodisco\/clase406T2\/clase406T2_73-re65db5c76x3.mp4\">Cap\u00edtulo 73<\/a><a href=\"https:\/\/sv3.sosanovel.com\/nuevodisco\/clase406T2\/clase406T2_74-lec6ydyjzodh.mp4\">Cap\u00edtulo 74<\/a><a href=\"https:\/\/sv3.sosanovel.com\/nuevodisco\/clase406T2\/clase406T2_75-jgcw8jdu1cyy.mp4\">Cap\u00edtulo 75<\/a><a href=\"https:\/\/sv3.sosanovel.com\/nuevodisco\/clase406T2\/clase406T2_76-83kol99u3krj.mp4\">Cap\u00edtulo 76<\/a><a href=\"https:\/\/sv3.sosanovel.com\/nuevodisco\/clase406T2\/clase406T2_77-qpr9ie7ifg2g.mp4\">Cap\u00edtulo 77<\/a><a href=\"https:\/\/sv3.sosanovel.com\/nuevodisco\/clase406T2\/clase406T2_78-2aqljhc26i6e.mp4\">Cap\u00edtulo 78<\/a><a href=\"https:\/\/sv3.sosanovel.com\/nuevodisco\/clase406T2\/clase406T2_79-fqanqlx4ntwi.mp4\">Cap\u00edtulo 79<\/a><a href=\"https:\/\/sv3.sosanovel.com\/nuevodisco\/clase406T2\/clase406T2_80-lmd3rik8sgou.mp4\">Cap\u00edtulo 80<\/a><a href=\"https:\/\/sv3.sosanovel.com\/nuevodisco\/clase406T2\/clase406T2_81-3y42jon4o8vb.mp4\">Cap\u00edtulo 81<\/a><a href=\"https:\/\/sv3.sosanovel.com\/nuevodisco\/clase406T2\/clase406T2_82-d4192ge2nbjg.mp4\">Cap\u00edtulo 82<\/a><a href=\"https:\/\/sv3.sosanovel.com\/nuevodisco\/clase406T2\/clase406T2_83-ox9pak5kgxra.mp4\">Cap\u00edtulo 83<\/a><a href=\"https:\/\/sv3.sosanovel.com\/nuevodisco\/clase406T2\/clase406T2_84-92vd2wv04fux.mp4\">Cap\u00edtulo 84<\/a><a href=\"https:\/\/sv3.sosanovel.com\/nuevodisco\/clase406T2\/clase406T2_85-h0wqze36rz2m.mp4\">Cap\u00edtulo 85<\/a><a href=\"https:\/\/sv3.sosanovel.com\/nuevodisco\/clase406T2\/clase406T2_86-pwv0q4q1o76m.mp4\">Cap\u00edtulo 86<\/a><a href=\"https:\/\/sv3.sosanovel.com\/nuevodisco\/clase406T2\/clase406T2_87-mwtthy6kthmh.mp4\">Cap\u00edtulo 87<\/a><a href=\"https:\/\/sv3.sosanovel.com\/nuevodisco\/clase406T2\/clase406T2_88-wj0ib84jft0x.mp4\">Cap\u00edtulo 88<\/a><a href=\"https:\/\/sv3.sosanovel.com\/nuevodisco\/clase406T2\/clase406T2_89-n0oxx12y4o71.mp4\">Cap\u00edtulo 89<\/a><a href=\"https:\/\/sv3.sosanovel.com\/nuevodisco\/clase406T2\/clase406T2_90-uck3rjsgog1c.mp4\">Cap\u00edtulo 90<\/a><a href=\"https:\/\/sv3.sosanovel.com\/nuevodisco\/clase406T2\/clase406T2_91-0h2yhe2ayx3t.mp4\">Cap\u00edtulo 91<\/a><a href=\"https:\/\/sv3.sosanovel.com\/nuevodisco\/clase406T2\/clase406T2_92-dyr64t60ev8g.mp4\">Cap\u00edtulo 92<\/a><a href=\"https:\/\/sv3.sosanovel.com\/nuevodisco\/clase406T2\/clase406T2_93-ubiui775u0tz.mp4\">Cap\u00edtulo 93<\/a><a href=\"https:\/\/sv3.sosanovel.com\/nuevodisco\/clase406T2\/clase406T2_94-pmlk7jckqev3.mp4\">Cap\u00edtulo 94<\/a><a href=\"https:\/\/sv3.sosanovel.com\/nuevodisco\/clase406T2\/clase406T2_95-u4lple0up3xx.mp4\">Cap\u00edtulo 95<\/a><a href=\"https:\/\/sv3.sosanovel.com\/nuevodisco\/clase406T2\/clase406T2_96-kjq6fonefs3o.mp4\">Cap\u00edtulo 96<\/a><a href=\"https:\/\/sv3.sosanovel.com\/nuevodisco\/clase406T2\/clase406T2_97-2xe0rxpfl1dc.mp4\">Cap\u00edtulo 97<\/a><a href=\"https:\/\/sv3.sosanovel.com\/nuevodisco\/clase406T2\/clase406T2_98-4wp4oth3ntdp.mp4\">Cap\u00edtulo 98<\/a><a href=\"https:\/\/sv3.sosanovel.com\/nuevodisco\/clase406T2\/clase406T2_99-9nn9xila8tv4.mp4\">Cap\u00edtulo 99<\/a><a href=\"https:\/\/sv3.sosanovel.com\/nuevodisco\/clase406T2\/clase406T2_100-9mw75ss1q8be.mp4\">Cap\u00edtulo 100<\/a><a href=\"https:\/\/sv3.sosanovel.com\/nuevodisco\/clase406T2\/clase406T2_101-wv7yqnavjjw1.mp4\">Cap\u00edtulo 101<\/a><a href=\"https:\/\/sv3.sosanovel.com\/nuevodisco\/clase406T2\/clase406T2_102-axd4vzy7jze4.mp4\">Cap\u00edtulo 102<\/a><a href=\"https:\/\/sv3.sosanovel.com\/nuevodisco\/clase406T2\/clase406T2_103-jtepi8ojgrea.mp4\">Cap\u00edtulo 103<\/a><a href=\"https:\/\/sv3.sosanovel.com\/nuevodisco\/clase406T2\/clase406T2_104-4ipwqgk5h1ex.mp4\">Cap\u00edtulo 104<\/a><a href=\"https:\/\/sv3.sosanovel.com\/nuevodisco\/clase406T2\/clase406T2_105-hxzp4w02wslw.mp4\">Cap\u00edtulo 105<\/a><a href=\"https:\/\/sv3.sosanovel.com\/nuevodisco\/clase406T2\/clase406T2_106-b61favl5dbyv.mp4\">Cap\u00edtulo 106<\/a><a href=\"https:\/\/sv3.sosanovel.com\/nuevodisco\/clase406T2\/clase406T2_107-3gil8ys3krsf.mp4\">Cap\u00edtulo 107<\/a><a href=\"https:\/\/sv3.sosanovel.com\/nuevodisco\/clase406T2\/clase406T2_108-nozuc0veide9.mp4\">Cap\u00edtulo 108<\/a><a href=\"https:\/\/sv3.sosanovel.com\/nuevodisco\/clase406T2\/clase406T2_109-2at7s49e6ajg.mp4\">Cap\u00edtulo 109<\/a><a href=\"https:\/\/sv3.sosanovel.com\/nuevodisco\/clase406T2\/clase406T2_110-xe2ynee70j13.mp4\">Cap\u00edtulo 110<\/a><a href=\"https:\/\/sv3.sosanovel.com\/nuevodisco\/clase406T2\/clase406T2_111-j21cei5vrgxb.mp4\">Cap\u00edtulo 111<\/a><a href=\"https:\/\/sv3.sosanovel.com\/nuevodisco\/clase406T2\/clase406T2_112-zi7z8t1th3ew.mp4\">Cap\u00edtulo 112<\/a><a href=\"https:\/\/sv3.sosanovel.com\/nuevodisco\/clase406T2\/clase406T2_113-qp546vnhxf5n.mp4\">Cap\u00edtulo 113<\/a><a href=\"https:\/\/sv3.sosanovel.com\/nuevodisco\/clase406T2\/clase406T2_114-wkheev3fnjy2.mp4\">Cap\u00edtulo 114<\/a><a href=\"https:\/\/sv3.sosanovel.com\/nuevodisco\/clase406T2\/clase406T2_115-mmcv2340zv5x.mp4\">Cap\u00edtulo 115<\/a><a href=\"https:\/\/sv3.sosanovel.com\/nuevodisco\/clase406T2\/clase406T2_116-fnr5vlyb2m2c.mp4\">Cap\u00edtulo 116<\/a><a href=\"https:\/\/sv3.sosanovel.com\/nuevodisco\/clase406T2\/clase406T2_117-hlxu16s5mmw3.mp4\">Cap\u00edtulo 117<\/a><a href=\"https:\/\/sv3.sosanovel.com\/nuevodisco\/clase406T2\/clase406T2_118-jxiu9qf9wk76.mp4\">Cap\u00edtulo 118<\/a><a href=\"https:\/\/sv3.sosanovel.com\/nuevodisco\/clase406T2\/clase406T2_119-bzwbr75l1m15.mp4\">Cap\u00edtulo 119<\/a><a href=\"https:\/\/sv3.sosanovel.com\/nuevodisco\/clase406T2\/clase406T2_120-u2ndtd0g61mc.mp4\">Cap\u00edtulo 120<\/a><a href=\"https:\/\/sv3.sosanovel.com\/nuevodisco\/clase406T2\/clase406T2_121-zwfhsdqey72f.mp4\">Cap\u00edtulo 121<\/a><a href=\"https:\/\/sv3.sosanovel.com\/nuevodisco\/clase406T2\/clase406T2_122-x9lz97o6i39f.mp4\">Cap\u00edtulo 122<\/a><a href=\"https:\/\/sv3.sosanovel.com\/nuevodisco\/clase406T2\/clase406T2_123-9d3kqp5v6n71.mp4\">Cap\u00edtulo 123<\/a><a href=\"https:\/\/sv3.sosanovel.com\/nuevodisco\/clase406T2\/clase406T2_124-g8fv67uzmam5.mp4\">Cap\u00edtulo 124<\/a><a href=\"https:\/\/sv3.sosanovel.com\/nuevodisco\/clase406T2\/clase406T2_125-2d5ibpktx6d5.mp4\">Cap\u00edtulo 125<\/a><a href=\"https:\/\/sv3.sosanovel.com\/nuevodisco\/clase406T2\/clase406T2_126-hkjp37gtlkhc.mp4\">Cap\u00edtulo 126<\/a><a href=\"https:\/\/sv3.sosanovel.com\/nuevodisco\/clase406T2\/clase406T2_127-zxmxl0gjqg5r.mp4\">Cap\u00edtulo 127<\/a><a href=\"https:\/\/sv3.sosanovel.com\/nuevodisco\/clase406T2\/clase406T2_128-rl06aut060n0.mp4\">Cap\u00edtulo 128<\/a><a href=\"https:\/\/sv3.sosanovel.com\/nuevodisco\/clase406T2\/clase406T2_129-9nihmevvemdo.mp4\">Cap\u00edtulo 129<\/a><a href=\"https:\/\/sv3.sosanovel.com\/nuevodisco\/clase406T2\/clase406T2_130-ijhkif02s41x.mp4\">Cap\u00edtulo 130<\/a><a href=\"https:\/\/sv3.sosanovel.com\/nuevodisco\/clase406T2\/clase406T2_131-xidl7xn05tnw.mp4\">Cap\u00edtulo 131<\/a><a href=\"https:\/\/sv3.sosanovel.com\/nuevodisco\/clase406T2\/clase406T2_132-lcvcmu6ysut8.mp4\">Cap\u00edtulo 132<\/a><a href=\"https:\/\/sv3.sosanovel.com\/nuevodisco\/clase406T2\/clase406T2_133-avz8u8esjavo.mp4\">Cap\u00edtulo 133<\/a><a href=\"https:\/\/sv3.sosanovel.com\/nuevodisco\/clase406T2\/clase406T2_134-ki73kylxrf2j.mp4\">Cap\u00edtulo 134 FIN<\/a><\/div>\n<\/figcaption><\/figure>\n","protected":false},"excerpt":{"rendered":"<p>&lt;!doctype html&gt; Clase 406 Temporada 2 &#8211; Cap\u00edtulo 35 Cap\u00edtulo 35Cap\u00edtulo 36Cap\u00edtulo 37Cap\u00edtulo 38Cap\u00edtulo 39Cap\u00edtulo 40Cap\u00edtulo 41Cap\u00edtulo 42Cap\u00edtulo 43Cap\u00edtulo 44Cap\u00edtulo 45Cap\u00edtulo 46Cap\u00edtulo 47Cap\u00edtulo 48Cap\u00edtulo 49Cap\u00edtulo 50Cap\u00edtulo 51Cap\u00edtulo 52Cap\u00edtulo 53Cap\u00edtulo 54Cap\u00edtulo 55Cap\u00edtulo 56Cap\u00edtulo 57Cap\u00edtulo 58Cap\u00edtulo 59Cap\u00edtulo 60Cap\u00edtulo 61Cap\u00edtulo 62Cap\u00edtulo 63Cap\u00edtulo 64Cap\u00edtulo 65Cap\u00edtulo 66Cap\u00edtulo 67Cap\u00edtulo 68Cap\u00edtulo 69Cap\u00edtulo 70Cap\u00edtulo 71Cap\u00edtulo 72Cap\u00edtulo 73Cap\u00edtulo 74Cap\u00edtulo 75Cap\u00edtulo 76Cap\u00edtulo 77Cap\u00edtulo 78Cap\u00edtulo 79Cap\u00edtulo [&hellip;]<\/p>\n","protected":false},"author":1,"featured_media":0,"parent":0,"menu_order":0,"comment_status":"open","ping_status":"open","template":"page-iframe.php","meta":{"_acf_changed":false,"footnotes":""},"class_list":["post-178","page","type-page","status-publish","hentry"],"acf":[],"_links":{"self":[{"href":"https:\/\/jcsosamultiservicios.com\/index.php?rest_route=\/wp\/v2\/pages\/178","targetHints":{"allow":["GET"]}}],"collection":[{"href":"https:\/\/jcsosamultiservicios.com\/index.php?rest_route=\/wp\/v2\/pages"}],"about":[{"href":"https:\/\/jcsosamultiservicios.com\/index.php?rest_route=\/wp\/v2\/types\/page"}],"author":[{"embeddable":true,"href":"https:\/\/jcsosamultiservicios.com\/index.php?rest_route=\/wp\/v2\/users\/1"}],"replies":[{"embeddable":true,"href":"https:\/\/jcsosamultiservicios.com\/index.php?rest_route=%2Fwp%2Fv2%2Fcomments&post=178"}],"version-history":[{"count":13,"href":"https:\/\/jcsosamultiservicios.com\/index.php?rest_route=\/wp\/v2\/pages\/178\/revisions"}],"predecessor-version":[{"id":7386,"href":"https:\/\/jcsosamultiservicios.com\/index.php?rest_route=\/wp\/v2\/pages\/178\/revisions\/7386"}],"wp:attachment":[{"href":"https:\/\/jcsosamultiservicios.com\/index.php?rest_route=%2Fwp%2Fv2%2Fmedia&parent=178"}],"curies":[{"name":"wp","href":"https:\/\/api.w.org\/{rel}","templated":true}]}}