{"id":125,"date":"2022-10-06T14:42:00","date_gmt":"2022-10-06T14:42:00","guid":{"rendered":"https:\/\/jcsosamultiservicios.com\/?p=125"},"modified":"2025-09-10T15:47:09","modified_gmt":"2025-09-10T15:47:09","slug":"el-senor-de-los-cielos-t1","status":"publish","type":"page","link":"https:\/\/jcsosamultiservicios.com\/?page_id=125","title":{"rendered":"El Se\u00f1or de los Cielos T1 &#8211;"},"content":{"rendered":"<p>&lt;!doctype html&gt;<\/p>\n<figure><video autoplay=\"autoplay\" controls=\"controls\" width=\"300\" height=\"150\" data-poster=\"https:\/\/blogger.googleusercontent.com\/img\/b\/R29vZ2xl\/AVvXsEj5pOqb3TAXz-hz2xZ51ZclptdJJmR4TvhBY6OO6GUqulpENHf0Tcqd7-yn8FDqystKdrcFf3SraxZubZfl2cRT-ffw4d_g7ZUvF1-fTmw-3cDkgqDFeFG5m0BEGtih3fQZyEi9LIUc2ZPuBuS8CVo6Op3OkjkiPwlBgKo4aOf_9-W8kBDcoUO2-mBT\/s1600\/El%20Se%C3%B1or%20de%20los%20Cielos%202.jpg\"><source src=\"\" type=\"video\/mp4\" \/><\/video><\/p>\n<div>\n<h2>El Se\u00f1or de los Cielos T1 &#8211; Cap\u00edtulo 1<\/h2>\n<\/div><figcaption>\n<div><a href=\"https:\/\/sv3.sosanovel.com\/nuevodisco\/elsenordeloscielosT1\/elsenordeloscielos01.mp4\">Cap\u00edtulo 1<\/a><a href=\"https:\/\/sv3.sosanovel.com\/nuevodisco\/elsenordeloscielosT1\/elsenordeloscielos02.mp4\">Cap\u00edtulo 2<\/a><a href=\"https:\/\/sv3.sosanovel.com\/nuevodisco\/elsenordeloscielosT1\/elsenordeloscielos03.mp4\">Cap\u00edtulo 3<\/a><a href=\"https:\/\/sv3.sosanovel.com\/nuevodisco\/elsenordeloscielosT1\/elsenordeloscielos04.mp4\">Cap\u00edtulo 4<\/a><a href=\"https:\/\/sv3.sosanovel.com\/nuevodisco\/elsenordeloscielosT1\/elsenordeloscielos05.mp4\">Cap\u00edtulo 5<\/a><a href=\"https:\/\/sv3.sosanovel.com\/nuevodisco\/elsenordeloscielosT1\/elsenordeloscielos06.mp4\">Cap\u00edtulo 6<\/a><a href=\"https:\/\/sv3.sosanovel.com\/nuevodisco\/elsenordeloscielosT1\/elsenordeloscielos07.mp4\">Cap\u00edtulo 7<\/a><a href=\"https:\/\/sv3.sosanovel.com\/nuevodisco\/elsenordeloscielosT1\/elsenordeloscielos08.mp4\">Cap\u00edtulo 8<\/a> <a href=\"https:\/\/sv3.sosanovel.com\/nuevodisco\/elsenordeloscielosT1\/elsenordeloscielos09.mp4\">Cap\u00edtulo 9<\/a> <a href=\"https:\/\/sv3.sosanovel.com\/nuevodisco\/elsenordeloscielosT1\/elsenordeloscielos10.mp4\">Cap\u00edtulo 10<\/a> <a href=\"https:\/\/sv3.sosanovel.com\/nuevodisco\/elsenordeloscielosT1\/elsenordeloscielos11.mp4\">Cap\u00edtulo 11<\/a> <a href=\"https:\/\/sv3.sosanovel.com\/nuevodisco\/elsenordeloscielosT1\/elsenordeloscielos12.mp4\">Cap\u00edtulo 12<\/a> <a href=\"https:\/\/sv3.sosanovel.com\/nuevodisco\/elsenordeloscielosT1\/elsenordeloscielos13.mp4\">Cap\u00edtulo 13<\/a> <a href=\"https:\/\/sv3.sosanovel.com\/nuevodisco\/elsenordeloscielosT1\/elsenordeloscielos14.mp4\">Cap\u00edtulo 14<\/a><a href=\"https:\/\/sv3.sosanovel.com\/nuevodisco\/elsenordeloscielosT1\/elsenordeloscielos15.mp4\">Cap\u00edtulo 15<\/a> <a href=\"https:\/\/sv3.sosanovel.com\/nuevodisco\/elsenordeloscielosT1\/elsenordeloscielos16.mp4\">Cap\u00edtulo 16<\/a> <a href=\"https:\/\/sv3.sosanovel.com\/nuevodisco\/elsenordeloscielosT1\/elsenordeloscielos17.mp4\">Cap\u00edtulo 17<\/a> <a href=\"https:\/\/sv3.sosanovel.com\/nuevodisco\/elsenordeloscielosT1\/elsenordeloscielos18.mp4\">Cap\u00edtulo 18<\/a> <a href=\"https:\/\/sv3.sosanovel.com\/nuevodisco\/elsenordeloscielosT1\/elsenordeloscielos19.mp4\">Cap\u00edtulo 19<\/a> <a href=\"https:\/\/sv3.sosanovel.com\/nuevodisco\/elsenordeloscielosT1\/elsenordeloscielos20.mp4\">Cap\u00edtulo 20<\/a> <a href=\"https:\/\/sv3.sosanovel.com\/nuevodisco\/elsenordeloscielosT1\/elsenordeloscielos21.mp4\">Cap\u00edtulo 21<\/a> <a href=\"https:\/\/sv3.sosanovel.com\/nuevodisco\/elsenordeloscielosT1\/elsenordeloscielos22.mp4\">Cap\u00edtulo 22<\/a> <a href=\"https:\/\/sv3.sosanovel.com\/nuevodisco\/elsenordeloscielosT1\/elsenordeloscielos23.mp4\">Cap\u00edtulo 23<\/a> <a href=\"https:\/\/sv3.sosanovel.com\/nuevodisco\/elsenordeloscielosT1\/elsenordeloscielos24.mp4\">Cap\u00edtulo 24<\/a> <a href=\"https:\/\/sv3.sosanovel.com\/nuevodisco\/elsenordeloscielosT1\/elsenordeloscielos25.mp4\">Cap\u00edtulo 25<\/a> <a href=\"https:\/\/sv3.sosanovel.com\/nuevodisco\/elsenordeloscielosT1\/elsenordeloscielos26.mp4\">Cap\u00edtulo 26<\/a> <a href=\"https:\/\/sv3.sosanovel.com\/nuevodisco\/elsenordeloscielosT1\/elsenordeloscielos27.mp4\">Cap\u00edtulo 27<\/a> <a href=\"https:\/\/sv3.sosanovel.com\/nuevodisco\/elsenordeloscielosT1\/elsenordeloscielos28.mp4\">Cap\u00edtulo 28<\/a> <a href=\"https:\/\/sv3.sosanovel.com\/nuevodisco\/elsenordeloscielosT1\/elsenordeloscielos29.mp4\">Cap\u00edtulo 29<\/a> <a href=\"https:\/\/sv3.sosanovel.com\/nuevodisco\/elsenordeloscielosT1\/elsenordeloscielos30.mp4\">Cap\u00edtulo 30<\/a> <a href=\"https:\/\/sv3.sosanovel.com\/nuevodisco\/elsenordeloscielosT1\/elsenordeloscielos31.mp4\">Cap\u00edtulo 31<\/a> <a href=\"https:\/\/sv3.sosanovel.com\/nuevodisco\/elsenordeloscielosT1\/elsenordeloscielos32.mp4\">Cap\u00edtulo 32<\/a> <a href=\"https:\/\/sv3.sosanovel.com\/nuevodisco\/elsenordeloscielosT1\/elsenordeloscielos33.mp4\">Cap\u00edtulo 33<\/a> <a href=\"https:\/\/sv3.sosanovel.com\/nuevodisco\/elsenordeloscielosT1\/elsenordeloscielos34.mp4\">Cap\u00edtulo 34<\/a> <a href=\"https:\/\/sv3.sosanovel.com\/nuevodisco\/elsenordeloscielosT1\/elsenordeloscielos35.mp4\">Cap\u00edtulo 35<\/a> <a href=\"https:\/\/sv3.sosanovel.com\/nuevodisco\/elsenordeloscielosT1\/elsenordeloscielos36.mp4\">Cap\u00edtulo 36<\/a> <a href=\"https:\/\/sv3.sosanovel.com\/nuevodisco\/elsenordeloscielosT1\/elsenordeloscielos37.mp4\">Cap\u00edtulo 37<\/a> <a href=\"https:\/\/sv3.sosanovel.com\/nuevodisco\/elsenordeloscielosT1\/elsenordeloscielos38.mp4\">Cap\u00edtulo 38<\/a> <a href=\"https:\/\/sv3.sosanovel.com\/nuevodisco\/elsenordeloscielosT1\/elsenordeloscielos39.mp4\">Cap\u00edtulo 39<\/a> <a href=\"https:\/\/sv3.sosanovel.com\/nuevodisco\/elsenordeloscielosT1\/elsenordeloscielos40.mp4\">Cap\u00edtulo 40<\/a><a href=\"https:\/\/sv3.sosanovel.com\/nuevodisco\/elsenordeloscielosT1\/elsenordeloscielos41.mp4\">Cap\u00edtulo 41<\/a> <a href=\"https:\/\/sv3.sosanovel.com\/nuevodisco\/elsenordeloscielosT1\/elsenordeloscielos42.mp4\">Cap\u00edtulo 42<\/a> <a href=\"https:\/\/sv3.sosanovel.com\/nuevodisco\/elsenordeloscielosT1\/elsenordeloscielos43.mp4\">Cap\u00edtulo 43<\/a> <a href=\"https:\/\/sv3.sosanovel.com\/nuevodisco\/elsenordeloscielosT1\/elsenordeloscielos44.mp4\">Cap\u00edtulo 44<\/a> <a href=\"https:\/\/sv3.sosanovel.com\/nuevodisco\/elsenordeloscielosT1\/elsenordeloscielos45.mp4\">Cap\u00edtulo 45<\/a> <a href=\"https:\/\/sv3.sosanovel.com\/nuevodisco\/elsenordeloscielosT1\/elsenordeloscielos46.mp4\">Cap\u00edtulo 46<\/a> <a href=\"https:\/\/sv3.sosanovel.com\/nuevodisco\/elsenordeloscielosT1\/elsenordeloscielos47.mp4\">Cap\u00edtulo 47<\/a> <a href=\"https:\/\/sv3.sosanovel.com\/nuevodisco\/elsenordeloscielosT1\/elsenordeloscielos48.mp4\">Cap\u00edtulo 48<\/a> <a href=\"https:\/\/sv3.sosanovel.com\/nuevodisco\/elsenordeloscielosT1\/elsenordeloscielos49.mp4\">Cap\u00edtulo 49<\/a> <a href=\"https:\/\/sv3.sosanovel.com\/nuevodisco\/elsenordeloscielosT1\/elsenordeloscielos50.mp4\">Cap\u00edtulo 50<\/a> <a href=\"https:\/\/sv3.sosanovel.com\/nuevodisco\/elsenordeloscielosT1\/elsenordeloscielos51.mp4\">Cap\u00edtulo 51<\/a> <a href=\"https:\/\/sv3.sosanovel.com\/nuevodisco\/elsenordeloscielosT1\/elsenordeloscielos52.mp4\">Cap\u00edtulo 52<\/a> <a href=\"https:\/\/sv3.sosanovel.com\/nuevodisco\/elsenordeloscielosT1\/elsenordeloscielos53.mp4\">Cap\u00edtulo 53<\/a> <a href=\"https:\/\/sv3.sosanovel.com\/nuevodisco\/elsenordeloscielosT1\/elsenordeloscielos54.mp4\">Cap\u00edtulo 54<\/a> <a href=\"https:\/\/sv3.sosanovel.com\/nuevodisco\/elsenordeloscielosT1\/elsenordeloscielos55.mp4\">Cap\u00edtulo 55<\/a> <a href=\"https:\/\/sv3.sosanovel.com\/nuevodisco\/elsenordeloscielosT1\/elsenordeloscielos56.mp4\">Cap\u00edtulo 56<\/a> <a href=\"https:\/\/sv3.sosanovel.com\/nuevodisco\/elsenordeloscielosT1\/elsenordeloscielos57.mp4\">Cap\u00edtulo 57<\/a> <a href=\"https:\/\/sv3.sosanovel.com\/nuevodisco\/elsenordeloscielosT1\/elsenordeloscielos58.mp4\">Cap\u00edtulo 58<\/a> <a href=\"https:\/\/sv3.sosanovel.com\/nuevodisco\/elsenordeloscielosT1\/elsenordeloscielos59.mp4\">Cap\u00edtulo 59<\/a> <a href=\"https:\/\/sv3.sosanovel.com\/nuevodisco\/elsenordeloscielosT1\/elsenordeloscielos60.mp4\">Cap\u00edtulo 60<\/a> <a href=\"https:\/\/sv3.sosanovel.com\/nuevodisco\/elsenordeloscielosT1\/elsenordeloscielos61.mp4\">Cap\u00edtulo 61<\/a> <a href=\"https:\/\/sv3.sosanovel.com\/nuevodisco\/elsenordeloscielosT1\/elsenordeloscielos62.mp4\">Cap\u00edtulo 62<\/a> <a href=\"https:\/\/sv3.sosanovel.com\/nuevodisco\/elsenordeloscielosT1\/elsenordeloscielos63.mp4\">Cap\u00edtulo 63<\/a> <a href=\"https:\/\/sv3.sosanovel.com\/nuevodisco\/elsenordeloscielosT1\/elsenordeloscielos64.mp4\">Cap\u00edtulo 64<\/a> <a href=\"https:\/\/sv3.sosanovel.com\/nuevodisco\/elsenordeloscielosT1\/elsenordeloscielos65.mp4\">Cap\u00edtulo 65<\/a> <a href=\"https:\/\/sv3.sosanovel.com\/nuevodisco\/elsenordeloscielosT1\/elsenordeloscielos66.mp4\">Cap\u00edtulo 66<\/a> <a href=\"https:\/\/sv3.sosanovel.com\/nuevodisco\/elsenordeloscielosT1\/elsenordeloscielos67.mp4\">Cap\u00edtulo 67<\/a> <a href=\"https:\/\/sv3.sosanovel.com\/nuevodisco\/elsenordeloscielosT1\/elsenordeloscielos68.mp4\">Cap\u00edtulo 68<\/a> <a href=\"https:\/\/sv3.sosanovel.com\/nuevodisco\/elsenordeloscielosT1\/elsenordeloscielos69.mp4\">Cap\u00edtulo 69<\/a> <a href=\"https:\/\/sv3.sosanovel.com\/nuevodisco\/elsenordeloscielosT1\/elsenordeloscielos70.mp4\">Cap\u00edtulo 70<\/a> <a href=\"https:\/\/sv3.sosanovel.com\/nuevodisco\/elsenordeloscielosT1\/elsenordeloscielos71.mp4\">Cap\u00edtulo 71<\/a> <a href=\"https:\/\/sv3.sosanovel.com\/nuevodisco\/elsenordeloscielosT1\/elsenordeloscielos72.mp4\">Cap\u00edtulo 72<\/a> <a href=\"https:\/\/sv3.sosanovel.com\/nuevodisco\/elsenordeloscielosT1\/elsenordeloscielos73.mp4\">Cap\u00edtulo 73<\/a> <a href=\"https:\/\/sv3.sosanovel.com\/nuevodisco\/elsenordeloscielosT1\/elsenordeloscielos74.mp4\">Cap\u00edtulo 74 FIN<\/a><\/div>\n<\/figcaption><\/figure>\n","protected":false},"excerpt":{"rendered":"<p>&lt;!doctype html&gt; El Se\u00f1or de los Cielos T1 &#8211; Cap\u00edtulo 1 Cap\u00edtulo 1Cap\u00edtulo 2Cap\u00edtulo 3Cap\u00edtulo 4Cap\u00edtulo 5Cap\u00edtulo 6Cap\u00edtulo 7Cap\u00edtulo 8 Cap\u00edtulo 9 Cap\u00edtulo 10 Cap\u00edtulo 11 Cap\u00edtulo 12 Cap\u00edtulo 13 Cap\u00edtulo 14Cap\u00edtulo 15 Cap\u00edtulo 16 Cap\u00edtulo 17 Cap\u00edtulo 18 Cap\u00edtulo 19 Cap\u00edtulo 20 Cap\u00edtulo 21 Cap\u00edtulo 22 Cap\u00edtulo 23 Cap\u00edtulo 24 Cap\u00edtulo 25 Cap\u00edtulo 26 [&hellip;]<\/p>\n","protected":false},"author":1,"featured_media":0,"parent":0,"menu_order":0,"comment_status":"open","ping_status":"open","template":"page-iframe.php","meta":{"_acf_changed":false,"footnotes":""},"class_list":["post-125","page","type-page","status-publish","hentry"],"acf":[],"_links":{"self":[{"href":"https:\/\/jcsosamultiservicios.com\/index.php?rest_route=\/wp\/v2\/pages\/125","targetHints":{"allow":["GET"]}}],"collection":[{"href":"https:\/\/jcsosamultiservicios.com\/index.php?rest_route=\/wp\/v2\/pages"}],"about":[{"href":"https:\/\/jcsosamultiservicios.com\/index.php?rest_route=\/wp\/v2\/types\/page"}],"author":[{"embeddable":true,"href":"https:\/\/jcsosamultiservicios.com\/index.php?rest_route=\/wp\/v2\/users\/1"}],"replies":[{"embeddable":true,"href":"https:\/\/jcsosamultiservicios.com\/index.php?rest_route=%2Fwp%2Fv2%2Fcomments&post=125"}],"version-history":[{"count":15,"href":"https:\/\/jcsosamultiservicios.com\/index.php?rest_route=\/wp\/v2\/pages\/125\/revisions"}],"predecessor-version":[{"id":11883,"href":"https:\/\/jcsosamultiservicios.com\/index.php?rest_route=\/wp\/v2\/pages\/125\/revisions\/11883"}],"wp:attachment":[{"href":"https:\/\/jcsosamultiservicios.com\/index.php?rest_route=%2Fwp%2Fv2%2Fmedia&parent=125"}],"curies":[{"name":"wp","href":"https:\/\/api.w.org\/{rel}","templated":true}]}}